{"id":69,"date":"2015-01-30T10:06:58","date_gmt":"2015-01-30T16:06:58","guid":{"rendered":"http:\/\/132.247.140.168\/wordpress\/?page_id=69"},"modified":"2015-02-09T13:06:49","modified_gmt":"2015-02-09T19:06:49","slug":"servicio-social-y-practicas-profesionales-en-ase","status":"publish","type":"page","link":"https:\/\/ase.unam.mx\/?page_id=69","title":{"rendered":"Servicio Social y Pr\u00e1cticas Profesionales en ASE"},"content":{"rendered":"<h2><\/h2>\n<table style=\"height: 2292px;\" width=\"581\">\n<tbody>\n<tr>\n<td colspan=\"2\" width=\"629\">\n<h4><span style=\"text-decoration: underline;\">I. Antecedentes Generales<\/span><\/h4>\n<\/td>\n<\/tr>\n<tr>\n<td>Prestaci\u00f3n de Servicio Social y pr\u00e1cticas profesionales<\/td>\n<td width=\"483\">Asistente de investigaci\u00f3n<\/td>\n<\/tr>\n<tr>\n<td>Organizaci\u00f3n<\/td>\n<td width=\"483\">\n<ul>\n<li>UNAM-CEIICH: Centro de Investigaciones, Interdisciplinarias en Ciencias y Humanidades<\/li>\n<li>Proyecto TIDI-ASE: Telem\u00e1tica en la Investigaci\u00f3n-Docencia Interdisciplinaria en el \u00e1rea de la Acci\u00f3n Social Efectiva<\/li>\n<\/ul>\n<\/td>\n<\/tr>\n<tr>\n<td>Responsable del Proyecto<\/td>\n<td width=\"483\">Dra. Luc\u00eda Patricia Carrillo Vel\u00e1zquez<\/td>\n<\/tr>\n<tr>\n<td colspan=\"2\" width=\"629\">\n<h4><span style=\"text-decoration: underline;\">II. Requisitos Formales<\/span><\/h4>\n<\/td>\n<\/tr>\n<tr>\n<td>Estudios Requeridos<\/td>\n<td width=\"483\">70% m\u00ednimo de cr\u00e9ditos de las licenciaturas en: Administraci\u00f3n de Organizaciones, Administraci\u00f3n P\u00fablica, Artes Visuales, Bibliotecolog\u00eda y estudios de la informaci\u00f3n, Ciencias de la Computaci\u00f3n, Ciencias de la Comunicaci\u00f3n, Contadur\u00eda, Derecho, Dise\u00f1o y Comunicaci\u00f3n Visual, Geograf\u00eda, Inform\u00e1tica, Ingeniero en Computaci\u00f3n, Pedagog\u00eda.<\/td>\n<\/tr>\n<tr>\n<td>Estudios especializados y capacitaci\u00f3n<\/td>\n<td width=\"483\">Generales:<\/p>\n<ul>\n<li>An\u00e1lisis y procesamiento documental y cuantitativo de la informaci\u00f3nDifusi\u00f3n de resultados de investigaci\u00f3nOffice (Word y Excel)Redes sociales y software libre (deseable)<\/li>\n<\/ul>\n<p>Espec\u00edfico seg\u00fan la licenciatura:<\/p>\n<ul>\n<li>An\u00e1lisis, dise\u00f1o y operaci\u00f3n de estrategias did\u00e1cticas<\/li>\n<li>An\u00e1lisis contable<\/li>\n<li>Construcci\u00f3n de recursos conceptuales, te\u00f3ricos o metodol\u00f3gicos para el an\u00e1lisis social<\/li>\n<li>Desarrollo de sistemas inform\u00e1ticos, sistemas de informaci\u00f3n geogr\u00e1fica, administraci\u00f3n de servidores y\/o elaboraci\u00f3n de sitios web<\/li>\n<li>Dise\u00f1o y desarrollo de materiales multimedios y\/o edici\u00f3n electr\u00f3nica<\/li>\n<li>Dise\u00f1o y evaluaci\u00f3n de estructuras organizativas<\/li>\n<\/ul>\n<\/td>\n<\/tr>\n<tr>\n<td>Idiomas<\/td>\n<td width=\"483\">Comprensi\u00f3n de textos en ingl\u00e9s<\/td>\n<\/tr>\n<tr>\n<td colspan=\"2\" width=\"629\">\n<h4><span style=\"text-decoration: underline;\">III. Objetivos<\/span><\/h4>\n<\/td>\n<\/tr>\n<tr>\n<td colspan=\"2\" width=\"629\">El asistente de investigaci\u00f3n tiene la capacidad de identificar problemas sociales y proponer soluciones basadas en el conocimiento y el uso de tecnolog\u00eda con enfoque complejo e interdisciplinario<\/td>\n<\/tr>\n<tr>\n<td colspan=\"2\" width=\"629\">\n<h4><span style=\"text-decoration: underline;\">IV. Funciones de acuerdo a la licenciatura<\/span><\/h4>\n<\/td>\n<\/tr>\n<tr>\n<td colspan=\"2\" width=\"629\">\n<ul>\n<li>Apoyar en el dise\u00f1o y desarrollo de estructuras organizativas y su evaluaci\u00f3n<\/li>\n<li>Colaborar en el an\u00e1lisis, dise\u00f1o e implementaci\u00f3n de aplicaciones tecno-inform\u00e1ticas, representaciones formales del conocimiento, modelos matem\u00e1ticos, bases de datos o estrategias pedag\u00f3gicasParticipar en seminarios y cursos de capacitaci\u00f3n<\/li>\n<li>B\u00fasqueda y an\u00e1lisis de informaci\u00f3n en Internet<\/li>\n<li>Digitalizaci\u00f3n de documentos (libros, revistas)<\/li>\n<li>Otras funciones encomendadas por la coordinadora en su \u00e1mbito de responsabilidad<\/li>\n<\/ul>\n<\/td>\n<\/tr>\n<tr>\n<td colspan=\"2\" width=\"629\">\n<h4><span style=\"text-decoration: underline;\">V. Caracter\u00edsticas del Entorno<\/span><\/h4>\n<\/td>\n<\/tr>\n<tr>\n<td>Equipo de Trabajo:<\/td>\n<td width=\"483\">\n<ul>\n<li>Coordinadora<\/li>\n<li>Becarios<\/li>\n<li>Prestadores de Servicio Social<\/li>\n<li>Voluntarios<\/li>\n<\/ul>\n<\/td>\n<\/tr>\n<tr>\n<td>Responsable de Actividades<\/td>\n<td width=\"483\">Coordinadora<\/td>\n<\/tr>\n<tr>\n<td>Clima Laboral<\/td>\n<td width=\"483\">Apoyo directo de la coordinadora del proyecto para el adecuado desempe\u00f1o de funciones. Din\u00e1mica de trabajo colaborativo en el que se fomenta la efectividad, el di\u00e1logo y la interacci\u00f3n entre diversos campos profesionales en un clima de respeto y cordialidad.<\/td>\n<\/tr>\n<tr>\n<td colspan=\"2\" width=\"629\">\n<h4><span style=\"text-decoration: underline;\">VI. Competencias<\/span><\/h4>\n<\/td>\n<\/tr>\n<tr>\n<td colspan=\"2\" width=\"629\">Trabajo en equipo<\/p>\n<p>Puntualidad<\/p>\n<p>Compromiso<\/p>\n<p>Responsabilidad<\/p>\n<p>Iniciativa<\/p>\n<p>Efectividad<\/p>\n<p>Capacidad de s\u00edntesis<\/td>\n<\/tr>\n<\/tbody>\n<\/table>\n<h4>Ofrecemos:<\/h4>\n<ul>\n<li>Capacitaci\u00f3n en teor\u00edas y metodolog\u00edas para la investigaci\u00f3n interdisciplinaria en el campo de las ciencias sociales, el estudio de las organizaciones (sociales, p\u00fablicas y empresariales)<\/li>\n<li>Espacio para realizar estudios sobre acci\u00f3n social efectiva (ASE), desarrollo organizacional y asociativo (DOA), innovaci\u00f3n democr\u00e1tica institucional (IDI), eventos de protesta (EP), movimientos sociales, comunicaci\u00f3n social, visibilizaci\u00f3n, valoraci\u00f3n y evaluaci\u00f3n de la acci\u00f3n social<\/li>\n<li>Desarrollo de habilidades para el uso, dise\u00f1o y desarrollo de sistemas inform\u00e1ticos y tecnolog\u00edas para la investigaci\u00f3n-docencia interdisciplinaria (TIDI)<\/li>\n<li>Desarrollo de habilidades de comunicaci\u00f3n oral y escrita en el campo cient\u00edfico<\/li>\n<li>Tutor\u00eda para la elaboraci\u00f3n de proyectos sociales, de titulaci\u00f3n y tesis<\/li>\n<\/ul>\n","protected":false},"excerpt":{"rendered":"<p>I. Antecedentes Generales Prestaci\u00f3n de Servicio Social y pr\u00e1cticas profesionales Asistente de investigaci\u00f3n Organizaci\u00f3n UNAM-CEIICH: Centro de Investigaciones, Interdisciplinarias en Ciencias y Humanidades Proyecto TIDI-ASE: Telem\u00e1tica en la Investigaci\u00f3n-Docencia Interdisciplinaria en el \u00e1rea de la Acci\u00f3n Social Efectiva Responsable del Proyecto Dra. Luc\u00eda Patricia Carrillo Vel\u00e1zquez II. Requisitos Formales Estudios Requeridos 70% m\u00ednimo de cr\u00e9ditos [&hellip;]<\/p>\n","protected":false},"author":3,"featured_media":0,"parent":0,"menu_order":0,"comment_status":"closed","ping_status":"open","template":"","meta":{"footnotes":""},"class_list":["post-69","page","type-page","status-publish","hentry"],"_links":{"self":[{"href":"https:\/\/ase.unam.mx\/index.php?rest_route=\/wp\/v2\/pages\/69","targetHints":{"allow":["GET"]}}],"collection":[{"href":"https:\/\/ase.unam.mx\/index.php?rest_route=\/wp\/v2\/pages"}],"about":[{"href":"https:\/\/ase.unam.mx\/index.php?rest_route=\/wp\/v2\/types\/page"}],"author":[{"embeddable":true,"href":"https:\/\/ase.unam.mx\/index.php?rest_route=\/wp\/v2\/users\/3"}],"replies":[{"embeddable":true,"href":"https:\/\/ase.unam.mx\/index.php?rest_route=%2Fwp%2Fv2%2Fcomments&post=69"}],"version-history":[{"count":3,"href":"https:\/\/ase.unam.mx\/index.php?rest_route=\/wp\/v2\/pages\/69\/revisions"}],"predecessor-version":[{"id":116,"href":"https:\/\/ase.unam.mx\/index.php?rest_route=\/wp\/v2\/pages\/69\/revisions\/116"}],"wp:attachment":[{"href":"https:\/\/ase.unam.mx\/index.php?rest_route=%2Fwp%2Fv2%2Fmedia&parent=69"}],"curies":[{"name":"wp","href":"https:\/\/api.w.org\/{rel}","templated":true}]}}