{"id":60,"date":"2015-01-30T09:54:50","date_gmt":"2015-01-30T15:54:50","guid":{"rendered":"http:\/\/132.247.140.168\/wordpress\/?page_id=60"},"modified":"2015-01-30T10:15:05","modified_gmt":"2015-01-30T16:15:05","slug":"programa-de-la-asignatura-organizaciones-emergentes","status":"publish","type":"page","link":"https:\/\/ase.unam.mx\/?page_id=60","title":{"rendered":"Programa de la asignatura: Organizaciones Emergentes"},"content":{"rendered":"<h3><strong>1.\u00a0\u00a0\u00a0\u00a0\u00a0Aproximaci\u00f3n te\u00f3rica al estudio de las organizaciones emergentes<\/strong><\/h3>\n<p>1.1.\u00a0\u00a0 Dimensi\u00f3n conceptual, se propone definir a los actores y su funci\u00f3n en la acci\u00f3n organizada a partir de la comprensi\u00f3n de los conceptos de Poblaci\u00f3n en situaci\u00f3n de exclusi\u00f3n; DOA, desarrollo organizacional y asociativo; IDI, innovaci\u00f3n democr\u00e1tica institucional y ASE, acci\u00f3n social efectiva.<br \/>\n1.2.\u00a0\u00a0 Dimensi\u00f3n anal\u00edtica, se refiere a identificar, construir y establecer los criterios de an\u00e1lisis para caracterizar, valorar y evaluar la ASE<br \/>\n1.3.\u00a0\u00a0 Dimensi\u00f3n metodol\u00f3gica, se sugiere un proceso de tres niveles de an\u00e1lisis e interpretaci\u00f3n para el diagn\u00f3stico y dise\u00f1o de la estructura funcional de organizaciones emergentes<br \/>\n1.4.\u00a0\u00a0 Dimensi\u00f3n estrategica, se plantea un funcionamiento organizacional basado en procesos de gesti\u00f3n del conocimiento para crear, valorar, evaluar y comunicar acci\u00f3n social a partir de su representaci\u00f3n, visibilizaci\u00f3n y difusi\u00f3n<br \/>\n1.5.\u00a0\u00a0 Dimensi\u00f3n interactiva entre la investigaci\u00f3n, la operaci\u00f3n organizacional y la acci\u00f3n social para una operaci\u00f3n ubicua sobre la base de las organizaciones emergentes, que entendemos como una organizaci\u00f3n digital<\/p>\n<h3><strong>2.\u00a0\u00a0\u00a0\u00a0\u00a0ASE: acci\u00f3n social efectiva<\/strong><\/h3>\n<p>2.1.\u00a0\u00a0 La fundamentaci\u00f3n constructivista de la acci\u00f3n social<br \/>\n2.2.\u00a0\u00a0 La gesti\u00f3n del conocimiento que es manifiesto en acci\u00f3n social efectiva en las organizaciones emergentes<br \/>\n2.3.\u00a0\u00a0 La comunicaci\u00f3n como el proceso que fundamenta la interdependencia y complejidad de los componentes en un sistema organizacional<br \/>\n2.3.1.\u00a0\u00a0\u00a0\u00a0 Visibilizaci\u00f3n de la acci\u00f3n social efectiva<br \/>\n2.3.2.\u00a0\u00a0\u00a0\u00a0 Comunicaci\u00f3n social<br \/>\n2.3.3.\u00a0\u00a0\u00a0\u00a0 Financiamientos<\/p>\n<h3><strong>3.\u00a0\u00a0\u00a0\u00a0\u00a0Las necesidades sociales que atiende la acci\u00f3n social de las sociedades emergentes y su efectividad<\/strong><\/h3>\n<p>3.1.\u00a0\u00a0 Sectores de incidencia<br \/>\n3.2.\u00a0\u00a0 Formas de incidencia<br \/>\n3.3.\u00a0\u00a0 Criterios para valorar-evaluar la efectividad de la acci\u00f3n social<\/p>\n<h3><strong>4.\u00a0\u00a0\u00a0\u00a0\u00a0DOA: desarrollo organizacional y asociativo<\/strong><\/h3>\n<p>4.1.\u00a0\u00a0 Comunicaci\u00f3n organizacional<br \/>\n4.2.\u00a0\u00a0 Planeaci\u00f3n, organizaci\u00f3n, comunicaci\u00f3n y valor de la acci\u00f3n social<br \/>\n4.3.\u00a0\u00a0 Transparencia y rendici\u00f3n de cuentas<br \/>\n4.4.\u00a0\u00a0 Capacidad tecnol\u00f3gica<\/p>\n<h3><strong>5.\u00a0\u00a0\u00a0\u00a0\u00a0IDI: innovaci\u00f3n democr\u00e1tica institucional<\/strong><\/h3>\n<p>5.1.\u00a0\u00a0 El contexto jur\u00eddico-fiscal-social<br \/>\n5.2.\u00a0\u00a0 Leyes<br \/>\n5.3.\u00a0\u00a0 Pol\u00edticas, planes y programas p\u00fablicos<br \/>\n5.4.\u00a0\u00a0 El contexto internacional<\/p>\n<p>&nbsp;<\/p>\n<h4><strong>BIBLIOGRAF\u00cdA SUGERIDA<\/strong><\/h4>\n<ul>\n<li>2014 a. Carrillo V., L. Patricia. Presentaci\u00f3n del Coloquio:\u00a0 Organizaciones de la Sociedad Civil en M\u00e9xico: Aportaciones, Incidencia y Evaluaci\u00f3n del Desempe\u00f1o Organizacional. UNAM-INDESOL-Enclave. Distrito Federal, M\u00e9xico. 24 de febrero de 2014.\u00a0<a href=\"http:\/\/ase.unam.mx\/\">http:\/\/ase.unam.mx<\/a><\/li>\n<li>2014b. Memoria del Coloquio:\u00a0 Organizaciones de la Sociedad Civil en M\u00e9xico: Aportaciones, Incidencia y Evaluaci\u00f3n del Desempe\u00f1o Organizacional. UNAM. Distrito Federal, M\u00e9xico.\u00a0<a href=\"http:\/\/ase.unam.mx\/\">http:\/\/ase.unam.mx<\/a><\/li>\n<li>2014c. La evoluci\u00f3n de los enfoques administrativos ante la transformaci\u00f3n de la sociedad y de sus organizaciones. El caso de las organizaciones no gubernamentales de la sociedad civil. En Blazquez N, y Koppen E. (coords.) Jornadas de investigaci\u00f3n. CEIICH-UNAM. M\u00e9xico. En prensa.<\/li>\n<li>2014.d. Modelo conceptual para la gesti\u00f3n del conocimiento manifiesto en acci\u00f3n social efectiva de las organizaciones no gubernamentales de la sociedad civil. En Carrillo (coord.) Organizaciones de la Sociedad Civil en M\u00e9xico, aportaciones, incidencias y evaluaci\u00f3n del desempe\u00f1o organizacional, CEIICH, UNAM. En dictam\u00e9n.<\/li>\n<li>Carrillo, LP. Gesti\u00f3n del Conocimiento y An\u00e1lisis de Eventos de Protesta para observar el desempe\u00f1o organizacional de la Sociedad Civil. Workpaper.<\/li>\n<li>Carrillo, LP. (Coord.). Organizaciones de la Sociedad Civil en M\u00e9xico, aportaciones, incidencias y evaluaci\u00f3n del desempe\u00f1o organizacional. LAOMS-CEIICH, UNAM. En dictam\u00e9n.<\/li>\n<li>2013. Carrillo, LP y Mur\u00faa, S. Ciudad del Conocimiento (CiCo) y Modelo de Intervenci\u00f3n para el Desarrollo Social (MIDeS) en la Transformaci\u00f3n Social Municipal en M\u00e9xico. En TEXTOS. Revista Internacional de Aprendizaje y Cibersociedad. G.C. Publisher. USA.\u00a0<a href=\"http:\/\/qes13.cgpublisher.com\/proposals\/53\">http:\/\/qes13.cgpublisher.com\/proposals\/53<\/a><\/li>\n<li>Carrillo Vel\u00e1zquez, Lucia Patricia. 2012. \u201cEvaluaci\u00f3n del desempe\u00f1o de las organizaciones del sector social desde la perspectiva de la administraci\u00f3n\u201d. Proyecto de investigaci\u00f3n posdoctoral. M\u00e9xico: CEIICH, UNAM.<\/li>\n<li>2012. Investigaci\u00f3n Ubicua (U-Researching) con un Observatorio Virtual de los Eventos de Protesta en M\u00e9xico. Ponencia presentada en el III Congreso Nacional de Ciencias Sociales. 26 de febrero al 1\u00ba. de Marzo 2012. Ciudad de M\u00e9xico.\u00a0<a href=\"http:\/\/www.mediafire.com\/view\/mi18cm445umdtgf\/751_CARRILLOPatricia.pdf\">http:\/\/www.mediafire.com\/view\/mi18cm445umdtgf\/751_CARRILLOPatricia.pdf<\/a><\/li>\n<li>2012. Ubiquitous Learning to Designg\u00a0 Technological Instruments for Social Ubiquitous Research. In Ubiquitous Learning an International Journal. Volume 4.\u00a0 Common Ground. Champaiig, Illinois, 2012. USA. ISSN: 1835-9795.<\/li>\n<li>2012.b. Solving Social Research problems in Latin America and Caribbean: creating technological and research capabilities with action research. En Internacional Journal of Social Science and Humanity (IJSSH) Year 1. Vol.1-3. 2nd internacional Conference on Education and Management technology-ICEMT. Shanghai, China.\u00a0<a href=\"http:\/\/www.ijssh.org\/papers\/32--%E2%80%90H052.pdf\">http:\/\/www.ijssh.org\/papers\/32-H052.pdf<\/a><\/li>\n<li>2011. Action Research and Telematics Technology to create technological and research capabilities to solve a social research problem<strong>.\u00a0<\/strong>International Conference on Education and Management Technology-ICEMT2011 (ISBN: 978-981-08-9174-9)2011.08.19-21 | Shanghai,China. International Proceedings of Economics Development and Research. Volume 13.2011.\u00a0<a href=\"http:\/\/www.iedrc.org\/list-30-16.html\">http:\/\/www.iedrc.org\/list-30-16.html<\/a><a href=\"http:\/\/ipedr.com\/list-38-1.html\">http:\/\/ipedr.com\/list-38-1.html<\/a><\/li>\n<li>2010. Knowledge management process and technology capacity in a social sciences network research. 8th International Congress on Knowledge, Economy &amp; Management. Istambul, Turquia. 2010. http:\/\/beykon.org\/dergi\/2010\/FALL\/L.Velazquez.pdf<\/li>\n<li>2010. La administraci\u00f3n acad\u00e9mica. Una mirada desde la complejidad. El caso del Programa de Posgrado en Estudios Latinoamericanos de la UNAM. En Interdisciplina y complejidad: concepciones y aplicaciones. CEIICH, UNAM- UAG.\u00a0<a href=\"http:\/\/www.ceiich.unam.mx\/0\/51LibFic.php?tblLibros_id=397\">http:\/\/www.ceiich.unam.mx\/0\/51LibFic.php?tblLibros_id=397<\/a><\/li>\n<li>2009. Con la colaboraci\u00f3n de Alvarado, M. Eugenia. Estrategia metodol\u00f3gica para la Ense\u00f1anza de las Ciencias Sociales basada en tecnolog\u00eda telem\u00e1tica. Octava Conferencia Iberoamericana en Sistemas, Cibern\u00e9tica e Inform\u00e1tica. Florida EEUU.\u00a0<a href=\"http:\/\/www.iiis.org\/CDs2009\/CD2009CSC\/SIECI2009\/PapersPdf\/X957FM.pdf\">http:\/\/www.iiis.org\/CDs2009\/CD2009CSC\/SIECI2009\/PapersPdf\/X957FM.pdf<\/a><\/li>\n<li>Carrillo Vel\u00e1zquez, Lucia Patricia. 2008. Sociedad del conocimiento. Academia, administraci\u00f3n, complejidad y tecnolog\u00eda. M\u00e9xico: FCPyS, UNAM-SITESA.<\/li>\n<li>Garc\u00eda Rolando. 2000a. El conocimiento en construcci\u00f3n, de las formulaciones de Jean Piaget a la teor\u00eda de sistemas complejos. Barcelona: Gedisa.<\/li>\n<li>Garc\u00eda Rolando. 2000b. Sistemas complejos. Conceptos. M\u00e9todo y fundamentaci\u00f3n epistemol\u00f3gica de la investigaci\u00f3n interdisciplinaria. Barcelona: Gedisa.<br \/>\nDrucker, Peter. 1993. Post-capitalist society, Nueva York: Harper Collins.<\/li>\n<li>Garc\u00eda Rolando. 2000a. El conocimiento en construcci\u00f3n, de las formulaciones de Jean Piaget a la teor\u00eda de sistemas complejos. Barcelona: Gedisa.<\/li>\n<li>McAdam, Rodney y Sandra McCreedy. 1999. A critical review or knowledge management models. In The Leaming Organization, n\u00fam. 3, vol. 6.<\/li>\n<li>Quin, J. B. 1992. Intelligent enterprice: A knowledge and service based paradigm for industry. Nueva York: The Free Press.<\/li>\n<li>Reich, R. B. 1991. The word of nations. Nueva York: Alfred A. Knopf.<\/li>\n<li>Shariq, Z. Syed. 1997. Knowledge Management: An emerging discipline. Journal of the academy ofmanagement, vol. 1, n\u00fam. 1, 75-82.<\/li>\n<li>Toffler. Alvin. 1990. Powershift: Knowledge, walth and violence at the edge of the 21st century. Nueva York: Bantam Books.<\/li>\n<li>Wiig, Karl M. 1997. Knowledge management: An introduction and perspective. The Journal of Knowledge Management, vol. 1, n\u00fam. 1, 6-14.<\/li>\n<\/ul>\n","protected":false},"excerpt":{"rendered":"<p>1.\u00a0\u00a0\u00a0\u00a0\u00a0Aproximaci\u00f3n te\u00f3rica al estudio de las organizaciones emergentes 1.1.\u00a0\u00a0 Dimensi\u00f3n conceptual, se propone definir a los actores y su funci\u00f3n en la acci\u00f3n organizada a partir de la comprensi\u00f3n de los conceptos de Poblaci\u00f3n en situaci\u00f3n de exclusi\u00f3n; DOA, desarrollo organizacional y asociativo; IDI, innovaci\u00f3n democr\u00e1tica institucional y ASE, acci\u00f3n social efectiva. 1.2.\u00a0\u00a0 Dimensi\u00f3n anal\u00edtica, [&hellip;]<\/p>\n","protected":false},"author":3,"featured_media":0,"parent":0,"menu_order":0,"comment_status":"closed","ping_status":"open","template":"","meta":{"footnotes":""},"class_list":["post-60","page","type-page","status-publish","hentry"],"_links":{"self":[{"href":"https:\/\/ase.unam.mx\/index.php?rest_route=\/wp\/v2\/pages\/60","targetHints":{"allow":["GET"]}}],"collection":[{"href":"https:\/\/ase.unam.mx\/index.php?rest_route=\/wp\/v2\/pages"}],"about":[{"href":"https:\/\/ase.unam.mx\/index.php?rest_route=\/wp\/v2\/types\/page"}],"author":[{"embeddable":true,"href":"https:\/\/ase.unam.mx\/index.php?rest_route=\/wp\/v2\/users\/3"}],"replies":[{"embeddable":true,"href":"https:\/\/ase.unam.mx\/index.php?rest_route=%2Fwp%2Fv2%2Fcomments&post=60"}],"version-history":[{"count":1,"href":"https:\/\/ase.unam.mx\/index.php?rest_route=\/wp\/v2\/pages\/60\/revisions"}],"predecessor-version":[{"id":61,"href":"https:\/\/ase.unam.mx\/index.php?rest_route=\/wp\/v2\/pages\/60\/revisions\/61"}],"wp:attachment":[{"href":"https:\/\/ase.unam.mx\/index.php?rest_route=%2Fwp%2Fv2%2Fmedia&parent=60"}],"curies":[{"name":"wp","href":"https:\/\/api.w.org\/{rel}","templated":true}]}}