{"id":58,"date":"2015-01-30T09:48:11","date_gmt":"2015-01-30T15:48:11","guid":{"rendered":"http:\/\/132.247.140.168\/wordpress\/?page_id=58"},"modified":"2015-02-25T01:28:42","modified_gmt":"2015-02-25T07:28:42","slug":"idi-innovacion-democratica-institucional","status":"publish","type":"page","link":"https:\/\/ase.unam.mx\/?page_id=58","title":{"rendered":"Innovaci\u00f3n Democr\u00e1tica Institucional"},"content":{"rendered":"<p>La igualdad fundamental de los seres humanos implica la universalidad, el respeto y goce de los derechos humanos sin distinci\u00f3n alguna as\u00ed como la participaci\u00f3n de la sociedad civil en la construcci\u00f3n de estructuras y procesos democr\u00e1ticos.<\/p>\n<p>Es nuestra prioridad reconocer, estudiar y promover la institucionalizaci\u00f3n de iniciativas y recursos innovadores para legalizar, ampliar, formalizar, profundizar o democratizar los procesos de participaci\u00f3n ciudadana pol\u00edtica y social con la finalidad de alcanzar una sociedad igualitaria, equitativa y con desarrollo social basada en la <strong><span style=\"text-decoration: underline;\">innovaci\u00f3n democr\u00e1tica institucional<\/span><\/strong>.<\/p>\n","protected":false},"excerpt":{"rendered":"<p>La igualdad fundamental de los seres humanos implica la universalidad, el respeto y goce de los derechos humanos sin distinci\u00f3n alguna as\u00ed como la participaci\u00f3n de la sociedad civil en la construcci\u00f3n de estructuras y procesos democr\u00e1ticos. Es nuestra prioridad reconocer, estudiar y promover la institucionalizaci\u00f3n de iniciativas y recursos innovadores para legalizar, ampliar, formalizar, [&hellip;]<\/p>\n","protected":false},"author":3,"featured_media":0,"parent":0,"menu_order":0,"comment_status":"closed","ping_status":"open","template":"","meta":{"footnotes":""},"class_list":["post-58","page","type-page","status-publish","hentry"],"_links":{"self":[{"href":"https:\/\/ase.unam.mx\/index.php?rest_route=\/wp\/v2\/pages\/58","targetHints":{"allow":["GET"]}}],"collection":[{"href":"https:\/\/ase.unam.mx\/index.php?rest_route=\/wp\/v2\/pages"}],"about":[{"href":"https:\/\/ase.unam.mx\/index.php?rest_route=\/wp\/v2\/types\/page"}],"author":[{"embeddable":true,"href":"https:\/\/ase.unam.mx\/index.php?rest_route=\/wp\/v2\/users\/3"}],"replies":[{"embeddable":true,"href":"https:\/\/ase.unam.mx\/index.php?rest_route=%2Fwp%2Fv2%2Fcomments&post=58"}],"version-history":[{"count":5,"href":"https:\/\/ase.unam.mx\/index.php?rest_route=\/wp\/v2\/pages\/58\/revisions"}],"predecessor-version":[{"id":221,"href":"https:\/\/ase.unam.mx\/index.php?rest_route=\/wp\/v2\/pages\/58\/revisions\/221"}],"wp:attachment":[{"href":"https:\/\/ase.unam.mx\/index.php?rest_route=%2Fwp%2Fv2%2Fmedia&parent=58"}],"curies":[{"name":"wp","href":"https:\/\/api.w.org\/{rel}","templated":true}]}}