{"id":56,"date":"2015-01-30T09:47:26","date_gmt":"2015-01-30T15:47:26","guid":{"rendered":"http:\/\/132.247.140.168\/wordpress\/?page_id=56"},"modified":"2015-02-25T01:28:00","modified_gmt":"2015-02-25T07:28:00","slug":"doa-desarrollo-organizacional-y-asociativo","status":"publish","type":"page","link":"https:\/\/ase.unam.mx\/?page_id=56","title":{"rendered":"Desarrollo Organizacional y Asociativo"},"content":{"rendered":"<p>La sociedad civil organizada que aspira a participar en la soluci\u00f3n de las necesidades de grupos en situaci\u00f3n de exclusi\u00f3n as\u00ed como en la transformaci\u00f3n y fortalecimiento de los derechos e instituciones democr\u00e1ticas se enfrenta a condiciones de inequidad participativa, fiscal, jur\u00eddica y de acceso a recursos, oblig\u00e1ndolas a crear e implementar estrategias diferenciadas de acci\u00f3n social.<\/p>\n<p>Es nuestra prioridad estudiar, apoyar y acompa\u00f1ar a la sociedad civil organizada en la construcci\u00f3n de procesos innovadores para identificar, mejorar y consolidar sus capacidades de desempe\u00f1o y asociatividad basados en su actual patrimonio tangible, intelectual, social y de conocimiento de su acci\u00f3n social efectiva as\u00ed como de procesos de gesti\u00f3n para alcanzar niveles \u00f3ptimos de <span style=\"text-decoration: underline;\">desarrollo organizacional y asociativo<\/span><\/p>\n","protected":false},"excerpt":{"rendered":"<p>La sociedad civil organizada que aspira a participar en la soluci\u00f3n de las necesidades de grupos en situaci\u00f3n de exclusi\u00f3n as\u00ed como en la transformaci\u00f3n y fortalecimiento de los derechos e instituciones democr\u00e1ticas se enfrenta a condiciones de inequidad participativa, fiscal, jur\u00eddica y de acceso a recursos, oblig\u00e1ndolas a crear e implementar estrategias diferenciadas de [&hellip;]<\/p>\n","protected":false},"author":3,"featured_media":0,"parent":0,"menu_order":0,"comment_status":"closed","ping_status":"open","template":"","meta":{"footnotes":""},"class_list":["post-56","page","type-page","status-publish","hentry"],"_links":{"self":[{"href":"https:\/\/ase.unam.mx\/index.php?rest_route=\/wp\/v2\/pages\/56","targetHints":{"allow":["GET"]}}],"collection":[{"href":"https:\/\/ase.unam.mx\/index.php?rest_route=\/wp\/v2\/pages"}],"about":[{"href":"https:\/\/ase.unam.mx\/index.php?rest_route=\/wp\/v2\/types\/page"}],"author":[{"embeddable":true,"href":"https:\/\/ase.unam.mx\/index.php?rest_route=\/wp\/v2\/users\/3"}],"replies":[{"embeddable":true,"href":"https:\/\/ase.unam.mx\/index.php?rest_route=%2Fwp%2Fv2%2Fcomments&post=56"}],"version-history":[{"count":5,"href":"https:\/\/ase.unam.mx\/index.php?rest_route=\/wp\/v2\/pages\/56\/revisions"}],"predecessor-version":[{"id":220,"href":"https:\/\/ase.unam.mx\/index.php?rest_route=\/wp\/v2\/pages\/56\/revisions\/220"}],"wp:attachment":[{"href":"https:\/\/ase.unam.mx\/index.php?rest_route=%2Fwp%2Fv2%2Fmedia&parent=56"}],"curies":[{"name":"wp","href":"https:\/\/api.w.org\/{rel}","templated":true}]}}