{"id":54,"date":"2015-01-30T09:46:18","date_gmt":"2015-01-30T15:46:18","guid":{"rendered":"http:\/\/132.247.140.168\/wordpress\/?page_id=54"},"modified":"2025-11-27T18:06:25","modified_gmt":"2025-11-28T00:06:25","slug":"investigacion-y-docencia","status":"publish","type":"page","link":"https:\/\/ase.unam.mx\/?page_id=54","title":{"rendered":""},"content":{"rendered":"\n<div id=\"metaslider-id-2568\" style=\"width: 100%; margin: 0 auto;\" class=\"ml-slider-3-102-0 metaslider metaslider-flex metaslider-2568 ml-slider has-dots-nav has-carousel-mode ms-theme-default\" role=\"region\" aria-label=\"RASE\" data-height=\"630\" data-width=\"1120\">\n    <div id=\"metaslider_container_2568\">\n        <div id=\"metaslider_2568\">\n            <ul class='slides'>\n                <li style=\"display: none; width: 100%;\" class=\"slide-3725 ms-image \" aria-roledescription=\"slide\" data-date=\"2025-11-29 21:22:25\" data-slide-type=\"image\"><a href=\"http:\/\/ase.unam.mx\/?page_id=3529\" target=\"_self\" aria-label=\"View Slide Details\" class=\"metaslider_image_link\"><img loading=\"lazy\" decoding=\"async\" src=\"https:\/\/ase.unam.mx\/wp-content\/uploads\/2026\/04\/carrusel-ciidi__CARRUSEL-scaled-1120x630.jpg\" height=\"630\" width=\"1120\" alt=\"\" class=\"slider-2568 slide-3725 msDefaultImage\" title=\"carrusel ciidi__CARRUSEL\" \/><\/a><\/li>\n                <li style=\"display: none; width: 100%;\" class=\"slide-3788 ms-image \" aria-roledescription=\"slide\" data-date=\"2026-04-02 13:37:21\" data-slide-type=\"image\"><a href=\"https:\/\/ase.unam.mx\/?p=3778\" target=\"_self\" aria-label=\"View Slide Details\" class=\"metaslider_image_link\"><img loading=\"lazy\" decoding=\"async\" src=\"https:\/\/ase.unam.mx\/wp-content\/uploads\/2026\/04\/tidaa-carrusel.jpg\" height=\"630\" width=\"1120\" alt=\"\" class=\"slider-2568 slide-3788 msDefaultImage\" title=\"tidaa carrusel\" \/><\/a><\/li>\n                <li style=\"display: none; width: 100%;\" class=\"slide-3821 ms-image \" aria-roledescription=\"slide\" data-date=\"2026-04-08 18:54:47\" data-slide-type=\"image\"><a href=\"https:\/\/ase.unam.mx\/?p=3770\" target=\"_self\" aria-label=\"View Slide Details\" class=\"metaslider_image_link\"><img loading=\"lazy\" decoding=\"async\" src=\"https:\/\/ase.unam.mx\/wp-content\/uploads\/2026\/04\/carrusel-yodocono-1.jpg\" height=\"630\" width=\"1120\" alt=\"\" class=\"slider-2568 slide-3821 msDefaultImage\" title=\"carrusel yodocono\" \/><\/a><\/li>\n            <\/ul>\n        <\/div>\n        \n    <\/div>\n<\/div>\n\n\n\n<hr class=\"wp-block-separator has-alpha-channel-opacity\"\/>\n\n\n\n<div class=\"wp-block-media-text alignwide is-stacked-on-mobile\" style=\"grid-template-columns:29% auto\"><figure class=\"wp-block-media-text__media\"><img loading=\"lazy\" decoding=\"async\" width=\"1024\" height=\"576\" src=\"http:\/\/ase.unam.mx\/wp-content\/uploads\/2023\/04\/WhatsApp-Image-2023-03-24-at-09.24.24-1024x576.jpeg\" alt=\"\" class=\"wp-image-2561 size-full\" srcset=\"https:\/\/ase.unam.mx\/wp-content\/uploads\/2023\/04\/WhatsApp-Image-2023-03-24-at-09.24.24-1024x576.jpeg 1024w, https:\/\/ase.unam.mx\/wp-content\/uploads\/2023\/04\/WhatsApp-Image-2023-03-24-at-09.24.24-300x169.jpeg 300w, https:\/\/ase.unam.mx\/wp-content\/uploads\/2023\/04\/WhatsApp-Image-2023-03-24-at-09.24.24-768x432.jpeg 768w, https:\/\/ase.unam.mx\/wp-content\/uploads\/2023\/04\/WhatsApp-Image-2023-03-24-at-09.24.24-1536x864.jpeg 1536w, https:\/\/ase.unam.mx\/wp-content\/uploads\/2023\/04\/WhatsApp-Image-2023-03-24-at-09.24.24-624x351.jpeg 624w, https:\/\/ase.unam.mx\/wp-content\/uploads\/2023\/04\/WhatsApp-Image-2023-03-24-at-09.24.24.jpeg 1600w\" sizes=\"auto, (max-width: 1024px) 100vw, 1024px\" \/><\/figure><div class=\"wp-block-media-text__content\">\n<div id=\"metaslider-id-2571\" style=\"max-width: 100px;\" class=\"ml-slider-3-102-0 metaslider metaslider-flex metaslider-2571 ml-slider has-dots-nav ms-theme-default\" role=\"region\" aria-label=\"REDES\" data-height=\"56\" data-width=\"100\">\n    <div id=\"metaslider_container_2571\">\n        <div id=\"metaslider_2571\" class=\"flexslider\">\n            <ul class='slides'>\n                <li style=\"display: block; width: 100%;\" class=\"slide-3003 ms-image \" aria-roledescription=\"slide\" data-date=\"2023-09-08 16:39:39\" data-slide-type=\"image\"><a href=\"https:\/\/www.youtube.com\/channel\/UCXOQmbYl2x4LS0QtOKqGs6A\" target=\"_self\" aria-label=\"View Slide Details\" class=\"metaslider_image_link\"><img loading=\"lazy\" decoding=\"async\" src=\"https:\/\/ase.unam.mx\/wp-content\/uploads\/2023\/04\/YouTube-logo-600x338-4-e1694214506671.png\" height=\"56\" width=\"100\" alt=\"\" class=\"slider-2571 slide-3003 msDefaultImage\" title=\"YouTube-logo-600x338-4\" \/><\/a><\/li>\n                <li style=\"display: none; width: 100%;\" class=\"slide-3004 ms-image \" aria-roledescription=\"slide\" data-date=\"2023-09-08 16:39:44\" data-slide-type=\"image\"><a href=\"https:\/\/www.facebook.com\/profile.php?id=100063535032004&amp;mibextid=LQQJ4d\" target=\"_self\" aria-label=\"View Slide Details\" class=\"metaslider_image_link\"><img loading=\"lazy\" decoding=\"async\" src=\"https:\/\/ase.unam.mx\/wp-content\/uploads\/2023\/04\/Facebook-logo-e1694214589292.png\" height=\"56\" width=\"100\" alt=\"\" class=\"slider-2571 slide-3004 msDefaultImage\" title=\"Facebook-logo\" \/><\/a><\/li>\n            <\/ul>\n        <\/div>\n        \n    <\/div>\n<\/div>\n<\/div><\/div>\n\n\n\n<p style=\"font-style:normal;font-weight:700\">Pr\u00f3ximos eventos:<\/p>\n\n\n\n<div class=\"wp-block-group alignwide\"><div class=\"wp-block-group__inner-container is-layout-constrained wp-block-group-is-layout-constrained\">\n<div class=\"wp-block-columns alignwide is-layout-flex wp-container-core-columns-is-layout-9d6595d7 wp-block-columns-is-layout-flex\">\n<div class=\"wp-block-column is-layout-flow wp-block-column-is-layout-flow\">\n<figure class=\"wp-block-image is-style-default\"><a href=\"http:\/\/ase.unam.mx\/?p=3418\"><img loading=\"lazy\" decoding=\"async\" width=\"819\" height=\"1024\" src=\"http:\/\/ase.unam.mx\/wp-content\/uploads\/2025\/11\/INSTAGRAM_PANEL-819x1024.jpg\" alt=\"\" class=\"wp-image-3451\" srcset=\"https:\/\/ase.unam.mx\/wp-content\/uploads\/2025\/11\/INSTAGRAM_PANEL-819x1024.jpg 819w, https:\/\/ase.unam.mx\/wp-content\/uploads\/2025\/11\/INSTAGRAM_PANEL-240x300.jpg 240w, https:\/\/ase.unam.mx\/wp-content\/uploads\/2025\/11\/INSTAGRAM_PANEL-768x960.jpg 768w, https:\/\/ase.unam.mx\/wp-content\/uploads\/2025\/11\/INSTAGRAM_PANEL-624x780.jpg 624w, https:\/\/ase.unam.mx\/wp-content\/uploads\/2025\/11\/INSTAGRAM_PANEL.jpg 1080w\" sizes=\"auto, (max-width: 819px) 100vw, 819px\" \/><\/a><\/figure>\n<\/div>\n\n\n\n<div class=\"wp-block-column is-layout-flow wp-block-column-is-layout-flow\">\n<figure class=\"wp-block-image\"><a href=\"http:\/\/ase.unam.mx\/?p=3418\"><img decoding=\"async\" src=\"http:\/\/ase.unam.mx\/wp-content\/uploads\/2025\/11\/INSTAGRAM_seminario-819x1024.jpg\" alt=\"\" class=\"wp-image-3452\"\/><\/a><\/figure>\n<\/div>\n\n\n\n<div class=\"wp-block-column is-layout-flow wp-block-column-is-layout-flow\"><\/div>\n<\/div>\n<\/div><\/div>\n\n\n\n<hr class=\"wp-block-separator has-alpha-channel-opacity\"\/>\n\n\n\n<p class=\"has-dark-gray-color has-text-color\" style=\"font-style:normal;font-weight:700\">Nuestro prop\u00f3sito<\/p>\n\n\n\n<p>Estudiamos la acci\u00f3n social efectiva de las organizaciones porque influyen en la din\u00e1mica social, definen y modelan el funcionamiento de individuos y grupos, a su vez evolucionan de acuerdo con las necesidades sociales de los diferentes contextos sociohist\u00f3ricos y son objeto de estudio en diversos campos disciplinarios por su relevancia como unidad y actor social.<\/p>\n\n\n\n<p>El conjunto de conocimientos cient\u00edficos acumulados acerca de las organizaciones es muy amplio, no obstante, la participaci\u00f3n social y la organizaci\u00f3n emergente de la sociedad civil, caracter\u00edstica de la actual sociedad, muestran que ya no es suficiente explicar o copiar las mismas formas de estructura y funcionamiento \u00fatiles anteriormente a las industrias, los negocios o a las instituciones p\u00fablicas.<\/p>\n\n\n\n<p>El principio prevaleciente sobre eficiencia y eficacia que reduce el valordel desempe\u00f1o de las organizaciones a criterios contables y financieros requiere adicionar el valor de la efectividad basada en el conocimiento compartido como fuente, recurso y capacidad expl\u00edcita en&nbsp;<strong>acci\u00f3n social efectiva que realizan las organizaciones<\/strong>&nbsp;para su propio desarrollo organizacional y asociativo para entender la complejidad de la \u201csociedad de las organizaciones\u201d e incidir, de forma interdependiente, en la transformaci\u00f3n social observable en la atenci\u00f3n de carencias y necesidades sociales o en la innovaci\u00f3n de la democracia institucional(izada) durante un ejercicio del derecho humano universal de agrupaci\u00f3n.<\/p>\n","protected":false},"excerpt":{"rendered":"<p>Pr\u00f3ximos eventos: Nuestro prop\u00f3sito Estudiamos la acci\u00f3n social efectiva de las organizaciones porque influyen en la din\u00e1mica social, definen y modelan el funcionamiento de individuos y grupos, a su vez evolucionan de acuerdo con las necesidades sociales de los diferentes contextos sociohist\u00f3ricos y son objeto de estudio en diversos campos disciplinarios por su relevancia como [&hellip;]<\/p>\n","protected":false},"author":58274,"featured_media":0,"parent":0,"menu_order":0,"comment_status":"closed","ping_status":"open","template":"","meta":{"footnotes":""},"class_list":["post-54","page","type-page","status-publish","hentry"],"_links":{"self":[{"href":"https:\/\/ase.unam.mx\/index.php?rest_route=\/wp\/v2\/pages\/54","targetHints":{"allow":["GET"]}}],"collection":[{"href":"https:\/\/ase.unam.mx\/index.php?rest_route=\/wp\/v2\/pages"}],"about":[{"href":"https:\/\/ase.unam.mx\/index.php?rest_route=\/wp\/v2\/types\/page"}],"author":[{"embeddable":true,"href":"https:\/\/ase.unam.mx\/index.php?rest_route=\/wp\/v2\/users\/58274"}],"replies":[{"embeddable":true,"href":"https:\/\/ase.unam.mx\/index.php?rest_route=%2Fwp%2Fv2%2Fcomments&post=54"}],"version-history":[{"count":93,"href":"https:\/\/ase.unam.mx\/index.php?rest_route=\/wp\/v2\/pages\/54\/revisions"}],"predecessor-version":[{"id":3666,"href":"https:\/\/ase.unam.mx\/index.php?rest_route=\/wp\/v2\/pages\/54\/revisions\/3666"}],"wp:attachment":[{"href":"https:\/\/ase.unam.mx\/index.php?rest_route=%2Fwp%2Fv2%2Fmedia&parent=54"}],"curies":[{"name":"wp","href":"https:\/\/api.w.org\/{rel}","templated":true}]}}