{"id":464,"date":"2015-08-09T16:37:16","date_gmt":"2015-08-09T22:37:16","guid":{"rendered":"http:\/\/ase.unam.mx\/?page_id=464"},"modified":"2018-12-10T12:20:40","modified_gmt":"2018-12-10T18:20:40","slug":"grupo-interdisciplinario-tidi","status":"publish","type":"page","link":"https:\/\/ase.unam.mx\/?page_id=464","title":{"rendered":"Laboratorio TIDI"},"content":{"rendered":"<p>Somos un grupo de acad\u00e9micos que realizamos,\u00a0de manera simult\u00e1nea,\u00a0 investigaci\u00f3n interdisciplinaria y tecnol\u00f3gica as\u00ed como procesos docentes para la formaci\u00f3n de profesionistas e investigadores con capacidades y aptitudes en la complejidad de lo que se denomina enfoque interdisciplinario para la innovaci\u00f3n organizacional y tecnol\u00f3gica de proceso as\u00ed como evaluaci\u00f3n y asesor\u00eda para el dise\u00f1o organizacional.<\/p>\n<p>Investigamos para conocer y promover la acci\u00f3n social efectiva de la sociedad civil organizada, sus formas de organizaci\u00f3n y los procesos de gesti\u00f3n de sus conocimientos para su propio desarrollo organizacional y asociativo &lt;DOA&gt; as\u00ed como para incidir en la transformaci\u00f3n social que resulta en la atenci\u00f3n de carencias sociales y en la innovaci\u00f3n de la democracia institucional(izada) &lt;IDI&gt;.<\/p>\n<p>Promovemos la vinculaci\u00f3n entre acad\u00e9micos, tecn\u00f3logos, comunicadores, gobierno, empresa y la sociedad civil organizada para el estudio y desarrollo de conocimiento organizacional y para la investigaci\u00f3n-docencia interdisciplinaria.<\/p>\n","protected":false},"excerpt":{"rendered":"<p>Somos un grupo de acad\u00e9micos que realizamos,\u00a0de manera simult\u00e1nea,\u00a0 investigaci\u00f3n interdisciplinaria y tecnol\u00f3gica as\u00ed como procesos docentes para la formaci\u00f3n de profesionistas e investigadores con capacidades y aptitudes en la complejidad de lo que se denomina enfoque interdisciplinario para la innovaci\u00f3n organizacional y tecnol\u00f3gica de proceso as\u00ed como evaluaci\u00f3n y asesor\u00eda para el dise\u00f1o organizacional. [&hellip;]<\/p>\n","protected":false},"author":3,"featured_media":0,"parent":0,"menu_order":0,"comment_status":"closed","ping_status":"open","template":"","meta":{"footnotes":""},"class_list":["post-464","page","type-page","status-publish","hentry"],"_links":{"self":[{"href":"https:\/\/ase.unam.mx\/index.php?rest_route=\/wp\/v2\/pages\/464","targetHints":{"allow":["GET"]}}],"collection":[{"href":"https:\/\/ase.unam.mx\/index.php?rest_route=\/wp\/v2\/pages"}],"about":[{"href":"https:\/\/ase.unam.mx\/index.php?rest_route=\/wp\/v2\/types\/page"}],"author":[{"embeddable":true,"href":"https:\/\/ase.unam.mx\/index.php?rest_route=\/wp\/v2\/users\/3"}],"replies":[{"embeddable":true,"href":"https:\/\/ase.unam.mx\/index.php?rest_route=%2Fwp%2Fv2%2Fcomments&post=464"}],"version-history":[{"count":3,"href":"https:\/\/ase.unam.mx\/index.php?rest_route=\/wp\/v2\/pages\/464\/revisions"}],"predecessor-version":[{"id":1263,"href":"https:\/\/ase.unam.mx\/index.php?rest_route=\/wp\/v2\/pages\/464\/revisions\/1263"}],"wp:attachment":[{"href":"https:\/\/ase.unam.mx\/index.php?rest_route=%2Fwp%2Fv2%2Fmedia&parent=464"}],"curies":[{"name":"wp","href":"https:\/\/api.w.org\/{rel}","templated":true}]}}