{"id":41,"date":"2015-01-30T09:36:36","date_gmt":"2015-01-30T15:36:36","guid":{"rendered":"http:\/\/132.247.140.168\/wordpress\/?page_id=41"},"modified":"2019-01-09T12:43:06","modified_gmt":"2019-01-09T18:43:06","slug":"miembros","status":"publish","type":"page","link":"https:\/\/ase.unam.mx\/?page_id=41","title":{"rendered":"Qui\u00e9nes somos"},"content":{"rendered":"<h4>Somos un grupo de acad\u00e9micos interesados en comprender, valorar y fomentar la acci\u00f3n social efectiva que realizan las organizaciones.\u00a0<\/h4>\n<h4>Nos hemos conformado en nodos ubicados en las siguientes Universidades y Organizaciones de la Sociedad Civil.<\/h4>\n<h4>\u00a0<\/h4>\n<h4><img loading=\"lazy\" decoding=\"async\" class=\"wp-image-1069 alignleft\" src=\"http:\/\/ase.unam.mx\/wp-content\/uploads\/2018\/12\/download-2.png\" alt=\"\" width=\"110\" height=\"109\" srcset=\"https:\/\/ase.unam.mx\/wp-content\/uploads\/2018\/12\/download-2.png 225w, https:\/\/ase.unam.mx\/wp-content\/uploads\/2018\/12\/download-2-150x150.png 150w\" sizes=\"auto, (max-width: 110px) 100vw, 110px\" \/>Universidad Nacional Aut\u00f3noma de M\u00e9xico\u00a0 \u00a0 \u00a0<a href=\"https:\/\/www.unam.mx\/\">https:\/\/www.unam.mx\/<\/a>\u00a0<\/h4>\n<h5>Centro de Investigaciones Interdisciplinarias en Ciencias y Humanidades<\/h5>\n<h5>Laboratorio TIDI, de tecnolog\u00eda e investigaci\u00f3n-docencia interdisciplinaria<\/h5>\n<h4>M\u00e9xico, nodo UNAM.<\/h4>\n<h6>Coordina Dra. Luc\u00eda Patricia Carrillo Vel\u00e1zquez<\/h6>\n<h4>\u00a0<\/h4>\n<h4><img loading=\"lazy\" decoding=\"async\" class=\"wp-image-1070 alignleft\" src=\"http:\/\/ase.unam.mx\/wp-content\/uploads\/2018\/12\/logo-universidad-nacional-de-san-agustin-1-245x300.png\" alt=\"\" width=\"103\" height=\"125\" srcset=\"https:\/\/ase.unam.mx\/wp-content\/uploads\/2018\/12\/logo-universidad-nacional-de-san-agustin-1-245x300.png 245w, https:\/\/ase.unam.mx\/wp-content\/uploads\/2018\/12\/logo-universidad-nacional-de-san-agustin-1.png 261w\" sizes=\"auto, (max-width: 103px) 100vw, 103px\" \/><\/h4>\n<h4>\u00a0<\/h4>\n<h4>Universidad Nacional de San Agust\u00edn de Arequipa\u00a0 <a href=\"http:\/\/www.unsa.edu.pe\/\">http:\/\/www.unsa.edu.pe\/<\/a><\/h4>\n<h5>Facultad de\u00a0 Psicolog\u00eda, Relaciones Industriales y Ciencias de la Comunicaci\u00f3n<\/h5>\n<h4>Per\u00fa, nodo UNSA.<\/h4>\n<h6>\u00a0<\/h6>\n<h6>Coordina Mg. Jorge Alberto Calder\u00f3n Roque<\/h6>\n<h6>Participa Dr. Mauricio Gamio<\/h6>\n<p>\u00a0<\/p>\n<h4><img loading=\"lazy\" decoding=\"async\" class=\"wp-image-1073 alignleft\" src=\"http:\/\/ase.unam.mx\/wp-content\/uploads\/2018\/12\/unnamed-2-300x300.jpg\" alt=\"\" width=\"111\" height=\"111\" srcset=\"https:\/\/ase.unam.mx\/wp-content\/uploads\/2018\/12\/unnamed-2-300x300.jpg 300w, https:\/\/ase.unam.mx\/wp-content\/uploads\/2018\/12\/unnamed-2-150x150.jpg 150w, https:\/\/ase.unam.mx\/wp-content\/uploads\/2018\/12\/unnamed-2-768x768.jpg 768w, https:\/\/ase.unam.mx\/wp-content\/uploads\/2018\/12\/unnamed-2.jpg 900w\" sizes=\"auto, (max-width: 111px) 100vw, 111px\" \/><\/h4>\n<h4>Universidad Cat\u00f3lica de Salta\u00a0 \u00a0 \u00a0 \u00a0<a href=\"https:\/\/www.ucasal.edu.ar\/\">https:\/\/www.ucasal.edu.ar\/<\/a><\/h4>\n<h5>Facultad de Econom\u00eda y Administraci\u00f3n<\/h5>\n<h4>Argentina, nodo UCASAL.<\/h4>\n<h6>\u00a0<\/h6>\n<h6>Coordina Mg. N\u00e9stor Cruz<\/h6>\n<h6>Participan Mg. Jos\u00e9 Lamas y Lic. Carla Allende<\/h6>\n<h4>\u00a0<\/h4>\n<h4><img loading=\"lazy\" decoding=\"async\" class=\"wp-image-1074 alignleft\" src=\"http:\/\/ase.unam.mx\/wp-content\/uploads\/2018\/12\/220px-Uniqlog.png\" alt=\"\" width=\"110\" height=\"135\" \/>Universidad del Quind\u00edo\u00a0 \u00a0 \u00a0 \u00a0 \u00a0\u00a0<a href=\"https:\/\/portal.uniquindio.edu.co\/\">https:\/\/portal.uniquindio.edu.co\/<\/a><\/h4>\n<h5>Facultad de Ciencias Humanas y Bellas Artes<\/h5>\n<h5>Programa Comunicaci\u00f3n Social y Periodismo<\/h5>\n<h4>Colombia, nodo UniQuind\u00edo<\/h4>\n<h6>\u00a0<\/h6>\n<h6>Coordinan Mg. Damaris Ram\u00edrez Bernate y Dr. Pedro Felipe D\u00edaz Arenas\u00a0 \u00a0 \u00a0 \u00a0<a href=\"https:\/\/www.ceiich.unam.mx\/0\/21Curri.php?tblPersonalAcademico_id=67\">\u00a0<\/a><\/h6>\n<h4>\u00a0 \u00a0\u00a0<a href=\"https:\/\/www.ceiich.unam.mx\/0\/21Curri.php?tblPersonalAcademico_id=67\">\u00a0<\/a><\/h4>\n\n\n<div class=\"wp-block-image\"><figure class=\"alignleft is-resized\"><img loading=\"lazy\" decoding=\"async\" src=\"http:\/\/ase.unam.mx\/wp-content\/uploads\/2018\/12\/Logo_IISTAAC-1-1.jpg\" alt=\"\" class=\"wp-image-1339\" width=\"175\" height=\"131\" srcset=\"https:\/\/ase.unam.mx\/wp-content\/uploads\/2018\/12\/Logo_IISTAAC-1-1.jpg 584w, https:\/\/ase.unam.mx\/wp-content\/uploads\/2018\/12\/Logo_IISTAAC-1-1-300x225.jpg 300w\" sizes=\"auto, (max-width: 175px) 100vw, 175px\" \/><\/figure><\/div>\n\n\n\n<h4 class=\"wp-block-heading\">Instituto de Innovaci\u00f3n Social y Tecnol\u00f3gica, Antrop\u00eda A.C. <a href=\"http:\/\/www.iistaac.org\/-quienes-somos\">http:\/\/www.iistaac.org\/-quienes-somos<\/a><\/h4>\n\n\n\n<h4 class=\"wp-block-heading\">M\u00e9xico, nodo IISTAAC,<\/h4>\n\n\n\n<h4 class=\"wp-block-heading\">Coordina Lic. Yolanda S\u00e1nchez Vizcaya&nbsp;<\/h4>\n","protected":false},"excerpt":{"rendered":"<p>Somos un grupo de acad\u00e9micos interesados en comprender, valorar y fomentar la acci\u00f3n social efectiva que realizan las organizaciones.\u00a0 Nos hemos conformado en nodos ubicados en las siguientes Universidades y Organizaciones de la Sociedad Civil. \u00a0 Universidad Nacional Aut\u00f3noma de M\u00e9xico\u00a0 \u00a0 \u00a0https:\/\/www.unam.mx\/\u00a0 Centro de Investigaciones Interdisciplinarias en Ciencias y Humanidades Laboratorio TIDI, de tecnolog\u00eda [&hellip;]<\/p>\n","protected":false},"author":3,"featured_media":1205,"parent":0,"menu_order":0,"comment_status":"closed","ping_status":"open","template":"","meta":{"footnotes":""},"class_list":["post-41","page","type-page","status-publish","has-post-thumbnail","hentry"],"_links":{"self":[{"href":"https:\/\/ase.unam.mx\/index.php?rest_route=\/wp\/v2\/pages\/41","targetHints":{"allow":["GET"]}}],"collection":[{"href":"https:\/\/ase.unam.mx\/index.php?rest_route=\/wp\/v2\/pages"}],"about":[{"href":"https:\/\/ase.unam.mx\/index.php?rest_route=\/wp\/v2\/types\/page"}],"author":[{"embeddable":true,"href":"https:\/\/ase.unam.mx\/index.php?rest_route=\/wp\/v2\/users\/3"}],"replies":[{"embeddable":true,"href":"https:\/\/ase.unam.mx\/index.php?rest_route=%2Fwp%2Fv2%2Fcomments&post=41"}],"version-history":[{"count":91,"href":"https:\/\/ase.unam.mx\/index.php?rest_route=\/wp\/v2\/pages\/41\/revisions"}],"predecessor-version":[{"id":1537,"href":"https:\/\/ase.unam.mx\/index.php?rest_route=\/wp\/v2\/pages\/41\/revisions\/1537"}],"wp:featuredmedia":[{"embeddable":true,"href":"https:\/\/ase.unam.mx\/index.php?rest_route=\/wp\/v2\/media\/1205"}],"wp:attachment":[{"href":"https:\/\/ase.unam.mx\/index.php?rest_route=%2Fwp%2Fv2%2Fmedia&parent=41"}],"curies":[{"name":"wp","href":"https:\/\/api.w.org\/{rel}","templated":true}]}}