{"id":3482,"date":"2025-11-04T01:47:17","date_gmt":"2025-11-04T07:47:17","guid":{"rendered":"http:\/\/ase.unam.mx\/?page_id=3482"},"modified":"2026-04-03T08:59:47","modified_gmt":"2026-04-03T14:59:47","slug":"home","status":"publish","type":"page","link":"https:\/\/ase.unam.mx\/","title":{"rendered":""},"content":{"rendered":"\n<div class=\"wp-block-group alignwide\"><div class=\"wp-block-group__inner-container is-layout-constrained wp-block-group-is-layout-constrained\">\n<div class=\"wp-block-columns alignwide are-vertically-aligned-center is-stacked-on-mobile is-layout-flex wp-container-core-columns-is-layout-9d6595d7 wp-block-columns-is-layout-flex\">\n<div class=\"wp-block-column is-vertically-aligned-center is-layout-flow wp-block-column-is-layout-flow\" style=\"flex-basis:71%\">\n<ul class=\"wp-block-social-links alignleft has-normal-icon-size is-content-justification-center is-layout-flex wp-container-core-social-links-is-layout-5590e8cb wp-block-social-links-is-layout-flex\"><li class=\"wp-social-link wp-social-link-facebook  wp-block-social-link\"><a rel=\"noopener nofollow\" target=\"_blank\" href=\"https:\/\/www.facebook.com\/profile.php?id=100063535032004&#038;mibextid=LQQJ4d%20\" class=\"wp-block-social-link-anchor\"><svg width=\"24\" height=\"24\" viewBox=\"0 0 24 24\" version=\"1.1\" xmlns=\"http:\/\/www.w3.org\/2000\/svg\" aria-hidden=\"true\" focusable=\"false\"><path d=\"M12 2C6.5 2 2 6.5 2 12c0 5 3.7 9.1 8.4 9.9v-7H7.9V12h2.5V9.8c0-2.5 1.5-3.9 3.8-3.9 1.1 0 2.2.2 2.2.2v2.5h-1.3c-1.2 0-1.6.8-1.6 1.6V12h2.8l-.4 2.9h-2.3v7C18.3 21.1 22 17 22 12c0-5.5-4.5-10-10-10z\"><\/path><\/svg><span class=\"wp-block-social-link-label screen-reader-text\">Facebook<\/span><\/a><\/li>\n\n<li class=\"wp-social-link wp-social-link-youtube  wp-block-social-link\"><a rel=\"noopener nofollow\" target=\"_blank\" href=\"https:\/\/www.youtube.com\/channel\/UCXOQmbYl2x4LS0QtOKqGs6A\" class=\"wp-block-social-link-anchor\"><svg width=\"24\" height=\"24\" viewBox=\"0 0 24 24\" version=\"1.1\" xmlns=\"http:\/\/www.w3.org\/2000\/svg\" aria-hidden=\"true\" focusable=\"false\"><path d=\"M21.8,8.001c0,0-0.195-1.378-0.795-1.985c-0.76-0.797-1.613-0.801-2.004-0.847c-2.799-0.202-6.997-0.202-6.997-0.202 h-0.009c0,0-4.198,0-6.997,0.202C4.608,5.216,3.756,5.22,2.995,6.016C2.395,6.623,2.2,8.001,2.2,8.001S2,9.62,2,11.238v1.517 c0,1.618,0.2,3.237,0.2,3.237s0.195,1.378,0.795,1.985c0.761,0.797,1.76,0.771,2.205,0.855c1.6,0.153,6.8,0.201,6.8,0.201 s4.203-0.006,7.001-0.209c0.391-0.047,1.243-0.051,2.004-0.847c0.6-0.607,0.795-1.985,0.795-1.985s0.2-1.618,0.2-3.237v-1.517 C22,9.62,21.8,8.001,21.8,8.001z M9.935,14.594l-0.001-5.62l5.404,2.82L9.935,14.594z\"><\/path><\/svg><span class=\"wp-block-social-link-label screen-reader-text\">YouTube<\/span><\/a><\/li>\n\n<li class=\"wp-social-link wp-social-link-instagram  wp-block-social-link\"><a rel=\"noopener nofollow\" target=\"_blank\" href=\"https:\/\/www.instagram.com\/redaccionsocialefectiva\/\" class=\"wp-block-social-link-anchor\"><svg width=\"24\" height=\"24\" viewBox=\"0 0 24 24\" version=\"1.1\" xmlns=\"http:\/\/www.w3.org\/2000\/svg\" aria-hidden=\"true\" focusable=\"false\"><path d=\"M12,4.622c2.403,0,2.688,0.009,3.637,0.052c0.877,0.04,1.354,0.187,1.671,0.31c0.42,0.163,0.72,0.358,1.035,0.673 c0.315,0.315,0.51,0.615,0.673,1.035c0.123,0.317,0.27,0.794,0.31,1.671c0.043,0.949,0.052,1.234,0.052,3.637 s-0.009,2.688-0.052,3.637c-0.04,0.877-0.187,1.354-0.31,1.671c-0.163,0.42-0.358,0.72-0.673,1.035 c-0.315,0.315-0.615,0.51-1.035,0.673c-0.317,0.123-0.794,0.27-1.671,0.31c-0.949,0.043-1.233,0.052-3.637,0.052 s-2.688-0.009-3.637-0.052c-0.877-0.04-1.354-0.187-1.671-0.31c-0.42-0.163-0.72-0.358-1.035-0.673 c-0.315-0.315-0.51-0.615-0.673-1.035c-0.123-0.317-0.27-0.794-0.31-1.671C4.631,14.688,4.622,14.403,4.622,12 s0.009-2.688,0.052-3.637c0.04-0.877,0.187-1.354,0.31-1.671c0.163-0.42,0.358-0.72,0.673-1.035 c0.315-0.315,0.615-0.51,1.035-0.673c0.317-0.123,0.794-0.27,1.671-0.31C9.312,4.631,9.597,4.622,12,4.622 M12,3 C9.556,3,9.249,3.01,8.289,3.054C7.331,3.098,6.677,3.25,6.105,3.472C5.513,3.702,5.011,4.01,4.511,4.511 c-0.5,0.5-0.808,1.002-1.038,1.594C3.25,6.677,3.098,7.331,3.054,8.289C3.01,9.249,3,9.556,3,12c0,2.444,0.01,2.751,0.054,3.711 c0.044,0.958,0.196,1.612,0.418,2.185c0.23,0.592,0.538,1.094,1.038,1.594c0.5,0.5,1.002,0.808,1.594,1.038 c0.572,0.222,1.227,0.375,2.185,0.418C9.249,20.99,9.556,21,12,21s2.751-0.01,3.711-0.054c0.958-0.044,1.612-0.196,2.185-0.418 c0.592-0.23,1.094-0.538,1.594-1.038c0.5-0.5,0.808-1.002,1.038-1.594c0.222-0.572,0.375-1.227,0.418-2.185 C20.99,14.751,21,14.444,21,12s-0.01-2.751-0.054-3.711c-0.044-0.958-0.196-1.612-0.418-2.185c-0.23-0.592-0.538-1.094-1.038-1.594 c-0.5-0.5-1.002-0.808-1.594-1.038c-0.572-0.222-1.227-0.375-2.185-0.418C14.751,3.01,14.444,3,12,3L12,3z M12,7.378 c-2.552,0-4.622,2.069-4.622,4.622S9.448,16.622,12,16.622s4.622-2.069,4.622-4.622S14.552,7.378,12,7.378z M12,15 c-1.657,0-3-1.343-3-3s1.343-3,3-3s3,1.343,3,3S13.657,15,12,15z M16.804,6.116c-0.596,0-1.08,0.484-1.08,1.08 s0.484,1.08,1.08,1.08c0.596,0,1.08-0.484,1.08-1.08S17.401,6.116,16.804,6.116z\"><\/path><\/svg><span class=\"wp-block-social-link-label screen-reader-text\">Instagram<\/span><\/a><\/li>\n\n<li class=\"wp-social-link wp-social-link-tiktok  wp-block-social-link\"><a rel=\"noopener nofollow\" target=\"_blank\" href=\"https:\/\/www.tiktok.com\/@redaccionsocialefectiva\" class=\"wp-block-social-link-anchor\"><svg width=\"24\" height=\"24\" viewBox=\"0 0 32 32\" version=\"1.1\" xmlns=\"http:\/\/www.w3.org\/2000\/svg\" aria-hidden=\"true\" focusable=\"false\"><path d=\"M16.708 0.027c1.745-0.027 3.48-0.011 5.213-0.027 0.105 2.041 0.839 4.12 2.333 5.563 1.491 1.479 3.6 2.156 5.652 2.385v5.369c-1.923-0.063-3.855-0.463-5.6-1.291-0.76-0.344-1.468-0.787-2.161-1.24-0.009 3.896 0.016 7.787-0.025 11.667-0.104 1.864-0.719 3.719-1.803 5.255-1.744 2.557-4.771 4.224-7.88 4.276-1.907 0.109-3.812-0.411-5.437-1.369-2.693-1.588-4.588-4.495-4.864-7.615-0.032-0.667-0.043-1.333-0.016-1.984 0.24-2.537 1.495-4.964 3.443-6.615 2.208-1.923 5.301-2.839 8.197-2.297 0.027 1.975-0.052 3.948-0.052 5.923-1.323-0.428-2.869-0.308-4.025 0.495-0.844 0.547-1.485 1.385-1.819 2.333-0.276 0.676-0.197 1.427-0.181 2.145 0.317 2.188 2.421 4.027 4.667 3.828 1.489-0.016 2.916-0.88 3.692-2.145 0.251-0.443 0.532-0.896 0.547-1.417 0.131-2.385 0.079-4.76 0.095-7.145 0.011-5.375-0.016-10.735 0.025-16.093z\" \/><\/svg><span class=\"wp-block-social-link-label screen-reader-text\">TikTok<\/span><\/a><\/li><\/ul>\n<\/div>\n<\/div>\n<\/div><\/div>\n\n\n\n<div class=\"wp-block-buttons has-custom-font-size has-small-font-size is-horizontal is-content-justification-left is-layout-flex wp-container-core-buttons-is-layout-779c298f wp-block-buttons-is-layout-flex\">\n<div class=\"wp-block-button has-custom-width wp-block-button__width-25 is-style-fill\"><a class=\"wp-block-button__link has-white-color has-blue-background-color has-text-color has-background has-link-color has-custom-font-size wp-element-button\" href=\"https:\/\/ase.unam.mx\/?cat=88\" style=\"border-radius:100px;font-size:18px;font-style:normal;font-weight:600;text-transform:none\" rel=\"https:\/\/ase.unam.mx\/?cat=88\">Nuestro Bolet\u00edn<\/a><\/div>\n<\/div>\n\n\n\n<hr class=\"wp-block-separator has-alpha-channel-opacity\"\/>\n\n\n\n<div id=\"metaslider-id-2568\" style=\"width: 100%; margin: 0 auto;\" class=\"ml-slider-3-102-0 metaslider metaslider-flex metaslider-2568 ml-slider has-dots-nav has-carousel-mode ms-theme-default\" role=\"region\" aria-label=\"RASE\" data-height=\"630\" data-width=\"1120\">\n    <div id=\"metaslider_container_2568\">\n        <div id=\"metaslider_2568\">\n            <ul class='slides'>\n                <li style=\"display: none; width: 100%;\" class=\"slide-3725 ms-image \" aria-roledescription=\"slide\" data-date=\"2025-11-29 21:22:25\" data-slide-type=\"image\"><a href=\"http:\/\/ase.unam.mx\/?page_id=3529\" target=\"_self\" aria-label=\"View Slide Details\" class=\"metaslider_image_link\"><img loading=\"lazy\" decoding=\"async\" src=\"https:\/\/ase.unam.mx\/wp-content\/uploads\/2026\/04\/carrusel-ciidi__CARRUSEL-scaled-1120x630.jpg\" height=\"630\" width=\"1120\" alt=\"\" class=\"slider-2568 slide-3725 msDefaultImage\" title=\"carrusel ciidi__CARRUSEL\" \/><\/a><\/li>\n                <li style=\"display: none; width: 100%;\" class=\"slide-3788 ms-image \" aria-roledescription=\"slide\" data-date=\"2026-04-02 13:37:21\" data-slide-type=\"image\"><a href=\"https:\/\/ase.unam.mx\/?p=3778\" target=\"_self\" aria-label=\"View Slide Details\" class=\"metaslider_image_link\"><img loading=\"lazy\" decoding=\"async\" src=\"https:\/\/ase.unam.mx\/wp-content\/uploads\/2026\/04\/tidaa-carrusel.jpg\" height=\"630\" width=\"1120\" alt=\"\" class=\"slider-2568 slide-3788 msDefaultImage\" title=\"tidaa carrusel\" \/><\/a><\/li>\n                <li style=\"display: none; width: 100%;\" class=\"slide-3821 ms-image \" aria-roledescription=\"slide\" data-date=\"2026-04-08 18:54:47\" data-slide-type=\"image\"><a href=\"https:\/\/ase.unam.mx\/?p=3770\" target=\"_self\" aria-label=\"View Slide Details\" class=\"metaslider_image_link\"><img loading=\"lazy\" decoding=\"async\" src=\"https:\/\/ase.unam.mx\/wp-content\/uploads\/2026\/04\/carrusel-yodocono-1.jpg\" height=\"630\" width=\"1120\" alt=\"\" class=\"slider-2568 slide-3821 msDefaultImage\" title=\"carrusel yodocono\" \/><\/a><\/li>\n            <\/ul>\n        <\/div>\n        \n    <\/div>\n<\/div>\n\n\n\n<hr class=\"wp-block-separator has-alpha-channel-opacity\"\/>\n\n\n\n<p class=\"has-dark-gray-color has-text-color\" style=\"font-style:normal;font-weight:700\">Nuestro prop\u00f3sito<\/p>\n\n\n\n<p>Estudiamos la acci\u00f3n social efectiva de las organizaciones porque influyen en la din\u00e1mica social, definen y modelan el funcionamiento de individuos y grupos, a su vez evolucionan de acuerdo con las necesidades sociales de los diferentes contextos sociohist\u00f3ricos y son objeto de estudio en diversos campos disciplinarios por su relevancia como unidad y actor social.<\/p>\n\n\n\n<p>El conjunto de conocimientos cient\u00edficos acumulados acerca de las organizaciones es muy amplio, no obstante, la participaci\u00f3n social y la organizaci\u00f3n emergente de la sociedad civil, caracter\u00edstica de la actual sociedad, muestran que ya no es suficiente explicar o copiar las mismas formas de estructura y funcionamiento \u00fatiles anteriormente a las industrias, los negocios o a las instituciones p\u00fablicas.<\/p>\n\n\n\n<p>El principio prevaleciente sobre eficiencia y eficacia que reduce el valordel desempe\u00f1o de las organizaciones a criterios contables y financieros requiere adicionar el valor de la efectividad basada en el conocimiento compartido como fuente, recurso y capacidad expl\u00edcita en&nbsp;<strong>acci\u00f3n social efectiva que realizan las organizaciones<\/strong>&nbsp;para su propio desarrollo organizacional y asociativo para entender la complejidad de la \u201csociedad de las organizaciones\u201d e incidir, de forma interdependiente, en la transformaci\u00f3n social observable en la atenci\u00f3n de carencias y necesidades sociales o en la innovaci\u00f3n de la democracia institucional(izada) durante un ejercicio del derecho humano universal de agrupaci\u00f3n.<\/p>\n","protected":false},"excerpt":{"rendered":"<p>Nuestro prop\u00f3sito Estudiamos la acci\u00f3n social efectiva de las organizaciones porque influyen en la din\u00e1mica social, definen y modelan el funcionamiento de individuos y grupos, a su vez evolucionan de acuerdo con las necesidades sociales de los diferentes contextos sociohist\u00f3ricos y son objeto de estudio en diversos campos disciplinarios por su relevancia como unidad y [&hellip;]<\/p>\n","protected":false},"author":1,"featured_media":0,"parent":0,"menu_order":0,"comment_status":"closed","ping_status":"closed","template":"","meta":{"footnotes":""},"class_list":["post-3482","page","type-page","status-publish","hentry"],"_links":{"self":[{"href":"https:\/\/ase.unam.mx\/index.php?rest_route=\/wp\/v2\/pages\/3482","targetHints":{"allow":["GET"]}}],"collection":[{"href":"https:\/\/ase.unam.mx\/index.php?rest_route=\/wp\/v2\/pages"}],"about":[{"href":"https:\/\/ase.unam.mx\/index.php?rest_route=\/wp\/v2\/types\/page"}],"author":[{"embeddable":true,"href":"https:\/\/ase.unam.mx\/index.php?rest_route=\/wp\/v2\/users\/1"}],"replies":[{"embeddable":true,"href":"https:\/\/ase.unam.mx\/index.php?rest_route=%2Fwp%2Fv2%2Fcomments&post=3482"}],"version-history":[{"count":27,"href":"https:\/\/ase.unam.mx\/index.php?rest_route=\/wp\/v2\/pages\/3482\/revisions"}],"predecessor-version":[{"id":3807,"href":"https:\/\/ase.unam.mx\/index.php?rest_route=\/wp\/v2\/pages\/3482\/revisions\/3807"}],"wp:attachment":[{"href":"https:\/\/ase.unam.mx\/index.php?rest_route=%2Fwp%2Fv2%2Fmedia&parent=3482"}],"curies":[{"name":"wp","href":"https:\/\/api.w.org\/{rel}","templated":true}]}}