{"id":1444,"date":"2018-12-10T15:32:51","date_gmt":"2018-12-10T21:32:51","guid":{"rendered":"http:\/\/ase.unam.mx\/?page_id=1444"},"modified":"2019-01-14T12:55:20","modified_gmt":"2019-01-14T18:55:20","slug":"argentina-nodo-ucasal","status":"publish","type":"page","link":"https:\/\/ase.unam.mx\/?page_id=1444","title":{"rendered":"Argentina, nodo UCASAL"},"content":{"rendered":"\n<div class=\"wp-block-image\"><figure class=\"alignleft is-resized\"><img loading=\"lazy\" decoding=\"async\" src=\"http:\/\/ase.unam.mx\/wp-content\/uploads\/2018\/12\/unnamed-2.jpg\" alt=\"\" class=\"wp-image-1073\" width=\"207\" height=\"207\" srcset=\"https:\/\/ase.unam.mx\/wp-content\/uploads\/2018\/12\/unnamed-2.jpg 900w, https:\/\/ase.unam.mx\/wp-content\/uploads\/2018\/12\/unnamed-2-150x150.jpg 150w, https:\/\/ase.unam.mx\/wp-content\/uploads\/2018\/12\/unnamed-2-300x300.jpg 300w, https:\/\/ase.unam.mx\/wp-content\/uploads\/2018\/12\/unnamed-2-768x768.jpg 768w\" sizes=\"auto, (max-width: 207px) 100vw, 207px\" \/><\/figure><\/div>\n\n\n\n<h4 class=\"wp-block-heading\">Somos&nbsp;acad\u00e9micos de la Universidad Cat\u00f3lica de Salta adscritos a la Facultad de Econom\u00eda y Administraci\u00f3n.<br><\/h4>\n\n\n\n<p class=\"has-medium-font-size\"><br><strong>Investigamos la Acci\u00f3n Social Efectiva (ASE) que realiza la Sociedad Civil Organizada (SCO) ya que su actividad participativa la ubica como un fen\u00f3meno de transformaci\u00f3n social.<\/strong><\/p>\n\n\n\n<div class=\"wp-block-media-text alignwide has-media-on-the-right\" style=\"grid-template-columns:auto 43%\"><figure class=\"wp-block-media-text__media\"><img loading=\"lazy\" decoding=\"async\" width=\"416\" height=\"142\" src=\"http:\/\/ase.unam.mx\/wp-content\/uploads\/2019\/01\/diucasal.jpg\" alt=\"\" class=\"wp-image-1616\" srcset=\"https:\/\/ase.unam.mx\/wp-content\/uploads\/2019\/01\/diucasal.jpg 416w, https:\/\/ase.unam.mx\/wp-content\/uploads\/2019\/01\/diucasal-300x102.jpg 300w\" sizes=\"auto, (max-width: 416px) 100vw, 416px\" \/><\/figure><div class=\"wp-block-media-text__content\">\n<p class=\"has-medium-font-size\"><\/p>\n\n\n\n<p><strong>Contamos con el apoyo del Sistema UCASAL de Investigaci\u00f3n, Desarrollo e Innovaci\u00f3n para el financiamiento de proyectos <\/strong><\/p>\n<\/div><\/div>\n\n\n\n<p><\/p>\n\n\n\n<p><\/p>\n","protected":false},"excerpt":{"rendered":"<p>Somos&nbsp;acad\u00e9micos de la Universidad Cat\u00f3lica de Salta adscritos a la Facultad de Econom\u00eda y Administraci\u00f3n. Investigamos la Acci\u00f3n Social Efectiva (ASE) que realiza la Sociedad Civil Organizada (SCO) ya que su actividad participativa la ubica como un fen\u00f3meno de transformaci\u00f3n social. Contamos con el apoyo del Sistema UCASAL de Investigaci\u00f3n, Desarrollo e Innovaci\u00f3n para el [&hellip;]<\/p>\n","protected":false},"author":3,"featured_media":0,"parent":0,"menu_order":0,"comment_status":"closed","ping_status":"closed","template":"","meta":{"footnotes":""},"class_list":["post-1444","page","type-page","status-publish","hentry"],"_links":{"self":[{"href":"https:\/\/ase.unam.mx\/index.php?rest_route=\/wp\/v2\/pages\/1444","targetHints":{"allow":["GET"]}}],"collection":[{"href":"https:\/\/ase.unam.mx\/index.php?rest_route=\/wp\/v2\/pages"}],"about":[{"href":"https:\/\/ase.unam.mx\/index.php?rest_route=\/wp\/v2\/types\/page"}],"author":[{"embeddable":true,"href":"https:\/\/ase.unam.mx\/index.php?rest_route=\/wp\/v2\/users\/3"}],"replies":[{"embeddable":true,"href":"https:\/\/ase.unam.mx\/index.php?rest_route=%2Fwp%2Fv2%2Fcomments&post=1444"}],"version-history":[{"count":12,"href":"https:\/\/ase.unam.mx\/index.php?rest_route=\/wp\/v2\/pages\/1444\/revisions"}],"predecessor-version":[{"id":1630,"href":"https:\/\/ase.unam.mx\/index.php?rest_route=\/wp\/v2\/pages\/1444\/revisions\/1630"}],"wp:attachment":[{"href":"https:\/\/ase.unam.mx\/index.php?rest_route=%2Fwp%2Fv2%2Fmedia&parent=1444"}],"curies":[{"name":"wp","href":"https:\/\/api.w.org\/{rel}","templated":true}]}}