{"id":1289,"date":"2018-12-10T12:56:37","date_gmt":"2018-12-10T18:56:37","guid":{"rendered":"http:\/\/ase.unam.mx\/?page_id=1289"},"modified":"2020-10-29T14:25:16","modified_gmt":"2020-10-29T20:25:16","slug":"peru-nodo-unsa-2","status":"publish","type":"page","link":"https:\/\/ase.unam.mx\/?page_id=1289","title":{"rendered":"Per\u00fa, nodo UNSA"},"content":{"rendered":"\n<div class=\"wp-block-image\"><figure class=\"alignleft size-large is-resized\"><img loading=\"lazy\" decoding=\"async\" src=\"http:\/\/ase.unam.mx\/wp-content\/uploads\/2020\/10\/LOGOTIPO-UNSA22-1024x386.jpg\" alt=\"Esta imagen tiene un atributo ALT vac\u00c3\u00ado; su nombre de archivo es logo-universidad-nacional-de-san-agustin-1.png\" class=\"wp-image-2135\" width=\"345\" height=\"130\" srcset=\"https:\/\/ase.unam.mx\/wp-content\/uploads\/2020\/10\/LOGOTIPO-UNSA22-1024x386.jpg 1024w, https:\/\/ase.unam.mx\/wp-content\/uploads\/2020\/10\/LOGOTIPO-UNSA22-300x113.jpg 300w, https:\/\/ase.unam.mx\/wp-content\/uploads\/2020\/10\/LOGOTIPO-UNSA22-768x289.jpg 768w, https:\/\/ase.unam.mx\/wp-content\/uploads\/2020\/10\/LOGOTIPO-UNSA22-1536x579.jpg 1536w, https:\/\/ase.unam.mx\/wp-content\/uploads\/2020\/10\/LOGOTIPO-UNSA22.jpg 1624w\" sizes=\"auto, (max-width: 345px) 100vw, 345px\" \/><\/figure><\/div>\n\n\n<h4>Somos&nbsp; profesores y alumnos de la Universidad Nacional de San Agust\u00edn de Arequipa adscritos a la Facultad de Psicolog\u00eda, Relaciones Industriales y Ciencias de la Comunicaci\u00f3n.<\/h4>\n<h4>Estamos interesados en comprender, valorar y fomentar la acci\u00f3n social efectiva que realizan la Sociedad Civil Organizada sin fines de lucro en la municipalidad de Arequipa.&nbsp;<\/h4>\n<p><!--StartFragment--><\/p>\n\n\n<div class=\"wp-block-image\"><figure class=\"alignright is-resized\"><img loading=\"lazy\" decoding=\"async\" src=\"http:\/\/ase.unam.mx\/wp-content\/uploads\/2018\/12\/UNSA_investiga.png\" alt=\"\" class=\"wp-image-1492\" width=\"331\" height=\"119\" srcset=\"https:\/\/ase.unam.mx\/wp-content\/uploads\/2018\/12\/UNSA_investiga.png 746w, https:\/\/ase.unam.mx\/wp-content\/uploads\/2018\/12\/UNSA_investiga-300x108.png 300w\" sizes=\"auto, (max-width: 331px) 100vw, 331px\" \/><\/figure><\/div>\n\n\n\n<p><\/p>\n\n\n\n<p>Contamos con el apoyo de la Vice-Rector\u00eda de Investigaci\u00f3n a trav\u00e9s del Programa UNSA Investiga para conocer las modalidades de acci\u00f3n social efectiva que realizan las organizaciones no lucrativas ante las carencias sociales de la poblaci\u00f3n.<br><\/p>\n\n\n<p><!--EndFragment--><\/p>\n<h5>&nbsp;<\/h5>\n<h5>&nbsp;<\/h5>\n\n\n<p><\/p>\n\n\n\n<p><\/p>\n\n\n\n<p><\/p>\n","protected":false},"excerpt":{"rendered":"<p>Somos&nbsp; profesores y alumnos de la Universidad Nacional de San Agust\u00edn de Arequipa adscritos a la Facultad de Psicolog\u00eda, Relaciones Industriales y Ciencias de la Comunicaci\u00f3n. Estamos interesados en comprender, valorar y fomentar la acci\u00f3n social efectiva que realizan la Sociedad Civil Organizada sin fines de lucro en la municipalidad de Arequipa.&nbsp; Contamos con el [&hellip;]<\/p>\n","protected":false},"author":3,"featured_media":0,"parent":0,"menu_order":0,"comment_status":"closed","ping_status":"closed","template":"","meta":{"footnotes":""},"class_list":["post-1289","page","type-page","status-publish","hentry"],"_links":{"self":[{"href":"https:\/\/ase.unam.mx\/index.php?rest_route=\/wp\/v2\/pages\/1289","targetHints":{"allow":["GET"]}}],"collection":[{"href":"https:\/\/ase.unam.mx\/index.php?rest_route=\/wp\/v2\/pages"}],"about":[{"href":"https:\/\/ase.unam.mx\/index.php?rest_route=\/wp\/v2\/types\/page"}],"author":[{"embeddable":true,"href":"https:\/\/ase.unam.mx\/index.php?rest_route=\/wp\/v2\/users\/3"}],"replies":[{"embeddable":true,"href":"https:\/\/ase.unam.mx\/index.php?rest_route=%2Fwp%2Fv2%2Fcomments&post=1289"}],"version-history":[{"count":26,"href":"https:\/\/ase.unam.mx\/index.php?rest_route=\/wp\/v2\/pages\/1289\/revisions"}],"predecessor-version":[{"id":2138,"href":"https:\/\/ase.unam.mx\/index.php?rest_route=\/wp\/v2\/pages\/1289\/revisions\/2138"}],"wp:attachment":[{"href":"https:\/\/ase.unam.mx\/index.php?rest_route=%2Fwp%2Fv2%2Fmedia&parent=1289"}],"curies":[{"name":"wp","href":"https:\/\/api.w.org\/{rel}","templated":true}]}}